	



	{"id":22,"date":"2022-11-15T08:44:25","date_gmt":"2022-11-15T07:44:25","guid":{"rendered":"https:\/\/kitbase.webs.fococonsultores.es\/?page_id=22"},"modified":"2023-07-10T10:30:25","modified_gmt":"2023-07-10T08:30:25","slug":"obra-realizadas","status":"publish","type":"page","link":"https:\/\/aplicacionestriangulo.es\/index.php\/obra-realizadas\/","title":{"rendered":"Obras realizadas"},"content":{"rendered":"\n<div style=\"height:4vh\" aria-hidden=\"true\" class=\"wp-block-spacer\"><\/div>\n\n\n<div class=\"yoast-breadcrumbs\"><span><span><a href=\"https:\/\/aplicacionestriangulo.es\/\">Portada<\/a> \u00bb <span class=\"breadcrumb_last\" aria-current=\"page\">Obras realizadas<\/span><\/span><\/span><\/div>\n\n\n<div class=\"wp-block-cover alignfull\"><span aria-hidden=\"true\" class=\"wp-block-cover__background has-background-dim-100 has-background-dim\" style=\"background-color:#597d7d\"><\/span><div class=\"wp-block-cover__inner-container\">\n<div class=\"is-layout-constrained wp-block-group\"><div class=\"wp-block-group__inner-container\">\n<div style=\"height:100px\" aria-hidden=\"true\" class=\"wp-block-spacer\"><\/div>\n\n\n\n<h1 class=\"alignwide has-large-font-size\">Obras&nbsp;realizadas<\/h1>\n\n\n\n<div style=\"height:30px\" aria-hidden=\"true\" class=\"wp-block-spacer\"><\/div>\n\n\n\n<div class=\"is-layout-flex wp-container-5 wp-block-columns alignwide\">\n<div class=\"is-layout-flow wp-block-column\" style=\"flex-basis:60%\">\n<div class=\"wp-block-cover\"><span aria-hidden=\"true\" class=\"wp-block-cover__background has-background-dim-80 has-background-dim\" style=\"background-color:#2e2212\"><\/span><img decoding=\"async\" loading=\"lazy\" width=\"1920\" height=\"1536\" class=\"wp-block-cover__image-background wp-image-656\" alt=\"Cubiertas del Hospital Universitario Infanta Leonor. Vista a\u00e9rea\" src=\"https:\/\/aplicacionestriangulo.es\/wp-content\/uploads\/sites\/11\/2023\/06\/Hospital-Infanta-Leonor.jpg\" data-object-fit=\"cover\" srcset=\"https:\/\/aplicacionestriangulo.es\/wp-content\/uploads\/sites\/11\/2023\/06\/Hospital-Infanta-Leonor.jpg 1920w, https:\/\/aplicacionestriangulo.es\/wp-content\/uploads\/sites\/11\/2023\/06\/Hospital-Infanta-Leonor-300x240.jpg 300w, https:\/\/aplicacionestriangulo.es\/wp-content\/uploads\/sites\/11\/2023\/06\/Hospital-Infanta-Leonor-1024x819.jpg 1024w, https:\/\/aplicacionestriangulo.es\/wp-content\/uploads\/sites\/11\/2023\/06\/Hospital-Infanta-Leonor-768x614.jpg 768w, https:\/\/aplicacionestriangulo.es\/wp-content\/uploads\/sites\/11\/2023\/06\/Hospital-Infanta-Leonor-1536x1229.jpg 1536w\" sizes=\"(max-width: 1920px) 100vw, 1920px\" \/><div class=\"wp-block-cover__inner-container\">\n<h2 class=\"has-text-align-center has-text-color has-large-font-size\" style=\"color:#f9f9f9\"><strong>Cubiertas<\/strong><\/h2>\n\n\n\n<div class=\"is-content-justification-center is-layout-flex wp-container-1 wp-block-buttons\">\n<div class=\"wp-block-button has-custom-width wp-block-button__width-50 is-style-outline\"><a class=\"wp-block-button__link has-text-color wp-element-button\" href=\"https:\/\/aplicacionestriangulo.es\/index.php\/obra-realizadas\/impermeabilizacion-cubiertas\/\" style=\"border-radius:6px;color:#9fc8ba\">Ver m\u00e1s&#8230;<\/a><\/div>\n<\/div>\n<\/div><\/div>\n<\/div>\n\n\n\n<div class=\"is-layout-flow wp-block-column\" style=\"flex-basis:40%\">\n<div class=\"wp-block-cover\"><span aria-hidden=\"true\" class=\"wp-block-cover__background has-background-dim-80 has-background-dim\" style=\"background-color:#2e2212\"><\/span><img decoding=\"async\" loading=\"lazy\" width=\"1280\" height=\"960\" class=\"wp-block-cover__image-background wp-image-657\" alt=\"Pavimentos en resina epoxi Bodega Ciudad Real\" src=\"https:\/\/aplicacionestriangulo.es\/wp-content\/uploads\/sites\/11\/2023\/06\/Bodega-Ciudad-Real.jpg\" data-object-fit=\"cover\" srcset=\"https:\/\/aplicacionestriangulo.es\/wp-content\/uploads\/sites\/11\/2023\/06\/Bodega-Ciudad-Real.jpg 1280w, https:\/\/aplicacionestriangulo.es\/wp-content\/uploads\/sites\/11\/2023\/06\/Bodega-Ciudad-Real-300x225.jpg 300w, https:\/\/aplicacionestriangulo.es\/wp-content\/uploads\/sites\/11\/2023\/06\/Bodega-Ciudad-Real-1024x768.jpg 1024w, https:\/\/aplicacionestriangulo.es\/wp-content\/uploads\/sites\/11\/2023\/06\/Bodega-Ciudad-Real-768x576.jpg 768w\" sizes=\"(max-width: 1280px) 100vw, 1280px\" \/><div class=\"wp-block-cover__inner-container\">\n<h2 class=\"has-text-align-center has-text-color has-large-font-size\" style=\"color:#f9f9f9\"><strong>Pavimentos<\/strong><\/h2>\n\n\n\n<div class=\"is-content-justification-center is-layout-flex wp-container-3 wp-block-buttons\">\n<div class=\"wp-block-button has-custom-width wp-block-button__width-50 is-style-outline\"><a class=\"wp-block-button__link has-text-color wp-element-button\" href=\"https:\/\/aplicacionestriangulo.es\/index.php\/obra-realizadas\/pavimentos\/\" style=\"border-radius:6px;color:#9fc8ba\">Ver m\u00e1s&#8230;<\/a><\/div>\n<\/div>\n<\/div><\/div>\n<\/div>\n<\/div>\n\n\n\n<div style=\"height:100px\" aria-hidden=\"true\" class=\"wp-block-spacer\"><\/div>\n<\/div><\/div>\n<\/div><\/div>\n","protected":false},"excerpt":{"rendered":"","protected":false},"author":2,"featured_media":0,"parent":0,"menu_order":0,"comment_status":"closed","ping_status":"closed","template":"","meta":{"_mi_skip_tracking":false},"yoast_head":"<!-- This site is optimized with the Yoast SEO plugin v19.10 - https:\/\/yoast.com\/wordpress\/plugins\/seo\/ -->\n<title>Obras realizadas - Aplicaciones Tir\u00e1ngulo<\/title>\n<meta name=\"description\" content=\"Aqu\u00ed puedes ver algunas de nuestras obras realizadas de impermeabilizaci\u00f3n de cubiertas y pavimentos con resina epoxi.\" \/>\n<meta name=\"robots\" content=\"index, follow, max-snippet:-1, max-image-preview:large, max-video-preview:-1\" \/>\n<link rel=\"canonical\" href=\"https:\/\/aplicacionestriangulo.es\/index.php\/obra-realizadas\/\" \/>\n<meta property=\"og:locale\" content=\"es_ES\" \/>\n<meta property=\"og:type\" content=\"article\" \/>\n<meta property=\"og:title\" content=\"Obras realizadas - Aplicaciones Tir\u00e1ngulo\" \/>\n<meta property=\"og:description\" content=\"Aqu\u00ed puedes ver algunas de nuestras obras realizadas de impermeabilizaci\u00f3n de cubiertas y pavimentos con resina epoxi.\" \/>\n<meta property=\"og:url\" content=\"https:\/\/aplicacionestriangulo.es\/index.php\/obra-realizadas\/\" \/>\n<meta property=\"og:site_name\" content=\"Aplicaciones Tir\u00e1ngulo\" \/>\n<meta property=\"article:modified_time\" content=\"2023-07-10T08:30:25+00:00\" \/>\n<meta property=\"og:image\" content=\"https:\/\/aplicacionestriangulo.es\/wp-content\/uploads\/sites\/11\/2023\/06\/Hospital-Infanta-Leonor.jpg\" \/>\n<meta name=\"twitter:card\" content=\"summary_large_image\" \/>\n<meta name=\"twitter:label1\" content=\"Tiempo de lectura\" \/>\n\t<meta name=\"twitter:data1\" content=\"1 minuto\" \/>\n<script type=\"application\/ld+json\" class=\"yoast-schema-graph\">{\"@context\":\"https:\/\/schema.org\",\"@graph\":[{\"@type\":\"WebPage\",\"@id\":\"https:\/\/aplicacionestriangulo.es\/index.php\/obra-realizadas\/\",\"url\":\"https:\/\/aplicacionestriangulo.es\/index.php\/obra-realizadas\/\",\"name\":\"Obras realizadas - Aplicaciones Tir\u00e1ngulo\",\"isPartOf\":{\"@id\":\"https:\/\/aplicacionestriangulo.es\/#website\"},\"datePublished\":\"2022-11-15T07:44:25+00:00\",\"dateModified\":\"2023-07-10T08:30:25+00:00\",\"description\":\"Aqu\u00ed puedes ver algunas de nuestras obras realizadas de impermeabilizaci\u00f3n de cubiertas y pavimentos con resina epoxi.\",\"breadcrumb\":{\"@id\":\"https:\/\/aplicacionestriangulo.es\/index.php\/obra-realizadas\/#breadcrumb\"},\"inLanguage\":\"es\",\"potentialAction\":[{\"@type\":\"ReadAction\",\"target\":[\"https:\/\/aplicacionestriangulo.es\/index.php\/obra-realizadas\/\"]}]},{\"@type\":\"BreadcrumbList\",\"@id\":\"https:\/\/aplicacionestriangulo.es\/index.php\/obra-realizadas\/#breadcrumb\",\"itemListElement\":[{\"@type\":\"ListItem\",\"position\":1,\"name\":\"Portada\",\"item\":\"https:\/\/aplicacionestriangulo.es\/\"},{\"@type\":\"ListItem\",\"position\":2,\"name\":\"Obras realizadas\"}]},{\"@type\":\"WebSite\",\"@id\":\"https:\/\/aplicacionestriangulo.es\/#website\",\"url\":\"https:\/\/aplicacionestriangulo.es\/\",\"name\":\"Aplicaciones Tir\u00e1ngulo\",\"description\":\"Refuerzos, pavimentos e impermeabilizaci\u00f3n\",\"publisher\":{\"@id\":\"https:\/\/aplicacionestriangulo.es\/#organization\"},\"potentialAction\":[{\"@type\":\"SearchAction\",\"target\":{\"@type\":\"EntryPoint\",\"urlTemplate\":\"https:\/\/aplicacionestriangulo.es\/?s={search_term_string}\"},\"query-input\":\"required name=search_term_string\"}],\"inLanguage\":\"es\"},{\"@type\":\"Organization\",\"@id\":\"https:\/\/aplicacionestriangulo.es\/#organization\",\"name\":\"Aplicaciones Tir\u00e1ngulo\",\"url\":\"https:\/\/aplicacionestriangulo.es\/\",\"logo\":{\"@type\":\"ImageObject\",\"inLanguage\":\"es\",\"@id\":\"https:\/\/aplicacionestriangulo.es\/#\/schema\/logo\/image\/\",\"url\":\"https:\/\/aplicacionestriangulo.es\/wp-content\/uploads\/sites\/11\/2023\/06\/marca_aplicaciones_triangulo.png\",\"contentUrl\":\"https:\/\/aplicacionestriangulo.es\/wp-content\/uploads\/sites\/11\/2023\/06\/marca_aplicaciones_triangulo.png\",\"width\":750,\"height\":240,\"caption\":\"Aplicaciones Tir\u00e1ngulo\"},\"image\":{\"@id\":\"https:\/\/aplicacionestriangulo.es\/#\/schema\/logo\/image\/\"}}]}<\/script>\n<!-- \/ Yoast SEO plugin. -->","yoast_head_json":{"title":"Obras realizadas - Aplicaciones Tir\u00e1ngulo","description":"Aqu\u00ed puedes ver algunas de nuestras obras realizadas de impermeabilizaci\u00f3n de cubiertas y pavimentos con resina epoxi.","robots":{"index":"index","follow":"follow","max-snippet":"max-snippet:-1","max-image-preview":"max-image-preview:large","max-video-preview":"max-video-preview:-1"},"canonical":"https:\/\/aplicacionestriangulo.es\/index.php\/obra-realizadas\/","og_locale":"es_ES","og_type":"article","og_title":"Obras realizadas - Aplicaciones Tir\u00e1ngulo","og_description":"Aqu\u00ed puedes ver algunas de nuestras obras realizadas de impermeabilizaci\u00f3n de cubiertas y pavimentos con resina epoxi.","og_url":"https:\/\/aplicacionestriangulo.es\/index.php\/obra-realizadas\/","og_site_name":"Aplicaciones Tir\u00e1ngulo","article_modified_time":"2023-07-10T08:30:25+00:00","og_image":[{"url":"https:\/\/aplicacionestriangulo.es\/wp-content\/uploads\/sites\/11\/2023\/06\/Hospital-Infanta-Leonor.jpg"}],"twitter_card":"summary_large_image","twitter_misc":{"Tiempo de lectura":"1 minuto"},"schema":{"@context":"https:\/\/schema.org","@graph":[{"@type":"WebPage","@id":"https:\/\/aplicacionestriangulo.es\/index.php\/obra-realizadas\/","url":"https:\/\/aplicacionestriangulo.es\/index.php\/obra-realizadas\/","name":"Obras realizadas - Aplicaciones Tir\u00e1ngulo","isPartOf":{"@id":"https:\/\/aplicacionestriangulo.es\/#website"},"datePublished":"2022-11-15T07:44:25+00:00","dateModified":"2023-07-10T08:30:25+00:00","description":"Aqu\u00ed puedes ver algunas de nuestras obras realizadas de impermeabilizaci\u00f3n de cubiertas y pavimentos con resina epoxi.","breadcrumb":{"@id":"https:\/\/aplicacionestriangulo.es\/index.php\/obra-realizadas\/#breadcrumb"},"inLanguage":"es","potentialAction":[{"@type":"ReadAction","target":["https:\/\/aplicacionestriangulo.es\/index.php\/obra-realizadas\/"]}]},{"@type":"BreadcrumbList","@id":"https:\/\/aplicacionestriangulo.es\/index.php\/obra-realizadas\/#breadcrumb","itemListElement":[{"@type":"ListItem","position":1,"name":"Portada","item":"https:\/\/aplicacionestriangulo.es\/"},{"@type":"ListItem","position":2,"name":"Obras realizadas"}]},{"@type":"WebSite","@id":"https:\/\/aplicacionestriangulo.es\/#website","url":"https:\/\/aplicacionestriangulo.es\/","name":"Aplicaciones Tir\u00e1ngulo","description":"Refuerzos, pavimentos e impermeabilizaci\u00f3n","publisher":{"@id":"https:\/\/aplicacionestriangulo.es\/#organization"},"potentialAction":[{"@type":"SearchAction","target":{"@type":"EntryPoint","urlTemplate":"https:\/\/aplicacionestriangulo.es\/?s={search_term_string}"},"query-input":"required name=search_term_string"}],"inLanguage":"es"},{"@type":"Organization","@id":"https:\/\/aplicacionestriangulo.es\/#organization","name":"Aplicaciones Tir\u00e1ngulo","url":"https:\/\/aplicacionestriangulo.es\/","logo":{"@type":"ImageObject","inLanguage":"es","@id":"https:\/\/aplicacionestriangulo.es\/#\/schema\/logo\/image\/","url":"https:\/\/aplicacionestriangulo.es\/wp-content\/uploads\/sites\/11\/2023\/06\/marca_aplicaciones_triangulo.png","contentUrl":"https:\/\/aplicacionestriangulo.es\/wp-content\/uploads\/sites\/11\/2023\/06\/marca_aplicaciones_triangulo.png","width":750,"height":240,"caption":"Aplicaciones Tir\u00e1ngulo"},"image":{"@id":"https:\/\/aplicacionestriangulo.es\/#\/schema\/logo\/image\/"}}]}},"_links":{"self":[{"href":"https:\/\/aplicacionestriangulo.es\/index.php\/wp-json\/wp\/v2\/pages\/22"}],"collection":[{"href":"https:\/\/aplicacionestriangulo.es\/index.php\/wp-json\/wp\/v2\/pages"}],"about":[{"href":"https:\/\/aplicacionestriangulo.es\/index.php\/wp-json\/wp\/v2\/types\/page"}],"author":[{"embeddable":true,"href":"https:\/\/aplicacionestriangulo.es\/index.php\/wp-json\/wp\/v2\/users\/2"}],"replies":[{"embeddable":true,"href":"https:\/\/aplicacionestriangulo.es\/index.php\/wp-json\/wp\/v2\/comments?post=22"}],"version-history":[{"count":23,"href":"https:\/\/aplicacionestriangulo.es\/index.php\/wp-json\/wp\/v2\/pages\/22\/revisions"}],"predecessor-version":[{"id":813,"href":"https:\/\/aplicacionestriangulo.es\/index.php\/wp-json\/wp\/v2\/pages\/22\/revisions\/813"}],"wp:attachment":[{"href":"https:\/\/aplicacionestriangulo.es\/index.php\/wp-json\/wp\/v2\/media?parent=22"}],"curies":[{"name":"wp","href":"https:\/\/api.w.org\/{rel}","templated":true}]}}