	



	{"id":20,"date":"2022-11-15T08:44:16","date_gmt":"2022-11-15T07:44:16","guid":{"rendered":"https:\/\/kitbase.webs.fococonsultores.es\/?page_id=20"},"modified":"2023-06-14T12:05:49","modified_gmt":"2023-06-14T11:05:49","slug":"servicios-impermeabilizacion-cubiertas-pavimentos","status":"publish","type":"page","link":"https:\/\/aplicacionestriangulo.es\/index.php\/servicios-impermeabilizacion-cubiertas-pavimentos\/","title":{"rendered":"Servicios"},"content":{"rendered":"\n<div style=\"height:4vh\" aria-hidden=\"true\" class=\"wp-block-spacer\"><\/div>\n\n\n<div class=\"yoast-breadcrumbs\"><span><span><a href=\"https:\/\/aplicacionestriangulo.es\/\">Portada<\/a> \u00bb <span class=\"breadcrumb_last\" aria-current=\"page\">Servicios<\/span><\/span><\/span><\/div>\n\n\n<h1 class=\"has-large-font-size\">Servicios<\/h1>\n\n\n\n<div class=\"wp-block-cover alignfull\"><span aria-hidden=\"true\" class=\"wp-block-cover__background has-background-dim-100 has-background-dim\" style=\"background-color:#2e2212\"><\/span><div class=\"wp-block-cover__inner-container\">\n<div class=\"wp-block-media-text alignwide is-stacked-on-mobile\" style=\"grid-template-columns:40% auto\"><figure class=\"wp-block-media-text__media\"><img decoding=\"async\" loading=\"lazy\" width=\"1024\" height=\"819\" src=\"https:\/\/aplicacionestriangulo.es\/wp-content\/uploads\/sites\/11\/2023\/06\/Hospital-Infanta-Leonor-1024x819.jpg\" alt=\"Cubiertas del Hospital Universitario Infanta Leonor. Vista a\u00e9rea\" class=\"wp-image-656 size-full\" srcset=\"https:\/\/aplicacionestriangulo.es\/wp-content\/uploads\/sites\/11\/2023\/06\/Hospital-Infanta-Leonor-1024x819.jpg 1024w, https:\/\/aplicacionestriangulo.es\/wp-content\/uploads\/sites\/11\/2023\/06\/Hospital-Infanta-Leonor-300x240.jpg 300w, https:\/\/aplicacionestriangulo.es\/wp-content\/uploads\/sites\/11\/2023\/06\/Hospital-Infanta-Leonor-768x614.jpg 768w, https:\/\/aplicacionestriangulo.es\/wp-content\/uploads\/sites\/11\/2023\/06\/Hospital-Infanta-Leonor-1536x1229.jpg 1536w, https:\/\/aplicacionestriangulo.es\/wp-content\/uploads\/sites\/11\/2023\/06\/Hospital-Infanta-Leonor.jpg 1920w\" sizes=\"(max-width: 1024px) 100vw, 1024px\" \/><\/figure><div class=\"wp-block-media-text__content\">\n<h2 class=\"has-white-color has-text-color\"><strong>Impermeabilizaci\u00f3n de cubiertas<\/strong><\/h2>\n\n\n\n<p class=\"has-white-color has-text-color\">Impermeabilizaci\u00f3n de cubiertas planas con telas asf\u00e1lticas y PVC, principalmente en obra nueva pero tambi\u00e9n en rehabilitaciones.<\/p>\n<\/div><\/div>\n<\/div><\/div>\n\n\n\n<div class=\"wp-block-cover alignfull is-light\"><span aria-hidden=\"true\" class=\"wp-block-cover__background has-white-background-color has-background-dim-100 has-background-dim\"><\/span><div class=\"wp-block-cover__inner-container\">\n<div class=\"wp-block-media-text alignwide has-media-on-the-right is-stacked-on-mobile\" style=\"grid-template-columns:auto 40%\"><div class=\"wp-block-media-text__content\">\n<h2 class=\"has-black-color has-text-color\"><strong>Pavimentos<\/strong><\/h2>\n\n\n\n<p>Pavimentos continuos de resina epoxi para laboratorios, almacenes, cocinas, etc.<\/p>\n<\/div><figure class=\"wp-block-media-text__media\"><img decoding=\"async\" loading=\"lazy\" width=\"1024\" height=\"768\" src=\"https:\/\/aplicacionestriangulo.es\/wp-content\/uploads\/sites\/11\/2023\/06\/Bodega-Ciudad-Real-1024x768.jpg\" alt=\"Pavimentos en resina epoxi Bodega Ciudad Real\" class=\"wp-image-657 size-full\" srcset=\"https:\/\/aplicacionestriangulo.es\/wp-content\/uploads\/sites\/11\/2023\/06\/Bodega-Ciudad-Real-1024x768.jpg 1024w, https:\/\/aplicacionestriangulo.es\/wp-content\/uploads\/sites\/11\/2023\/06\/Bodega-Ciudad-Real-300x225.jpg 300w, https:\/\/aplicacionestriangulo.es\/wp-content\/uploads\/sites\/11\/2023\/06\/Bodega-Ciudad-Real-768x576.jpg 768w, https:\/\/aplicacionestriangulo.es\/wp-content\/uploads\/sites\/11\/2023\/06\/Bodega-Ciudad-Real.jpg 1280w\" sizes=\"(max-width: 1024px) 100vw, 1024px\" \/><\/figure><\/div>\n<\/div><\/div>\n","protected":false},"excerpt":{"rendered":"<p>Servicios<\/p>\n","protected":false},"author":2,"featured_media":0,"parent":0,"menu_order":0,"comment_status":"closed","ping_status":"closed","template":"","meta":{"_mi_skip_tracking":false},"yoast_head":"<!-- This site is optimized with the Yoast SEO plugin v19.10 - https:\/\/yoast.com\/wordpress\/plugins\/seo\/ -->\n<title>Servicios - Aplicaciones Tir\u00e1ngulo<\/title>\n<meta name=\"description\" content=\"Aplicaciones Tri\u00e1ngulo: Servicios de impermeabilizaci\u00f3n de cubiertas y pavimentos continuos de resina epoxi para diversos usos.\" \/>\n<meta name=\"robots\" content=\"index, follow, max-snippet:-1, max-image-preview:large, max-video-preview:-1\" \/>\n<link rel=\"canonical\" href=\"https:\/\/aplicacionestriangulo.es\/index.php\/servicios-impermeabilizacion-cubiertas-pavimentos\/\" \/>\n<meta property=\"og:locale\" content=\"es_ES\" \/>\n<meta property=\"og:type\" content=\"article\" \/>\n<meta property=\"og:title\" content=\"Servicios - Aplicaciones Tir\u00e1ngulo\" \/>\n<meta property=\"og:description\" content=\"Aplicaciones Tri\u00e1ngulo: Servicios de impermeabilizaci\u00f3n de cubiertas y pavimentos continuos de resina epoxi para diversos usos.\" \/>\n<meta property=\"og:url\" content=\"https:\/\/aplicacionestriangulo.es\/index.php\/servicios-impermeabilizacion-cubiertas-pavimentos\/\" \/>\n<meta property=\"og:site_name\" content=\"Aplicaciones Tir\u00e1ngulo\" \/>\n<meta property=\"article:modified_time\" content=\"2023-06-14T11:05:49+00:00\" \/>\n<meta property=\"og:image\" content=\"https:\/\/aplicacionestriangulo.es\/wp-content\/uploads\/sites\/11\/2023\/06\/Hospital-Infanta-Leonor-1024x819.jpg\" \/>\n<meta name=\"twitter:card\" content=\"summary_large_image\" \/>\n<meta name=\"twitter:label1\" content=\"Tiempo de lectura\" \/>\n\t<meta name=\"twitter:data1\" content=\"1 minuto\" \/>\n<script type=\"application\/ld+json\" class=\"yoast-schema-graph\">{\"@context\":\"https:\/\/schema.org\",\"@graph\":[{\"@type\":\"WebPage\",\"@id\":\"https:\/\/aplicacionestriangulo.es\/index.php\/servicios-impermeabilizacion-cubiertas-pavimentos\/\",\"url\":\"https:\/\/aplicacionestriangulo.es\/index.php\/servicios-impermeabilizacion-cubiertas-pavimentos\/\",\"name\":\"Servicios - Aplicaciones Tir\u00e1ngulo\",\"isPartOf\":{\"@id\":\"https:\/\/aplicacionestriangulo.es\/#website\"},\"datePublished\":\"2022-11-15T07:44:16+00:00\",\"dateModified\":\"2023-06-14T11:05:49+00:00\",\"description\":\"Aplicaciones Tri\u00e1ngulo: Servicios de impermeabilizaci\u00f3n de cubiertas y pavimentos continuos de resina epoxi para diversos usos.\",\"breadcrumb\":{\"@id\":\"https:\/\/aplicacionestriangulo.es\/index.php\/servicios-impermeabilizacion-cubiertas-pavimentos\/#breadcrumb\"},\"inLanguage\":\"es\",\"potentialAction\":[{\"@type\":\"ReadAction\",\"target\":[\"https:\/\/aplicacionestriangulo.es\/index.php\/servicios-impermeabilizacion-cubiertas-pavimentos\/\"]}]},{\"@type\":\"BreadcrumbList\",\"@id\":\"https:\/\/aplicacionestriangulo.es\/index.php\/servicios-impermeabilizacion-cubiertas-pavimentos\/#breadcrumb\",\"itemListElement\":[{\"@type\":\"ListItem\",\"position\":1,\"name\":\"Portada\",\"item\":\"https:\/\/aplicacionestriangulo.es\/\"},{\"@type\":\"ListItem\",\"position\":2,\"name\":\"Servicios\"}]},{\"@type\":\"WebSite\",\"@id\":\"https:\/\/aplicacionestriangulo.es\/#website\",\"url\":\"https:\/\/aplicacionestriangulo.es\/\",\"name\":\"Aplicaciones Tir\u00e1ngulo\",\"description\":\"Refuerzos, pavimentos e impermeabilizaci\u00f3n\",\"publisher\":{\"@id\":\"https:\/\/aplicacionestriangulo.es\/#organization\"},\"potentialAction\":[{\"@type\":\"SearchAction\",\"target\":{\"@type\":\"EntryPoint\",\"urlTemplate\":\"https:\/\/aplicacionestriangulo.es\/?s={search_term_string}\"},\"query-input\":\"required name=search_term_string\"}],\"inLanguage\":\"es\"},{\"@type\":\"Organization\",\"@id\":\"https:\/\/aplicacionestriangulo.es\/#organization\",\"name\":\"Aplicaciones Tir\u00e1ngulo\",\"url\":\"https:\/\/aplicacionestriangulo.es\/\",\"logo\":{\"@type\":\"ImageObject\",\"inLanguage\":\"es\",\"@id\":\"https:\/\/aplicacionestriangulo.es\/#\/schema\/logo\/image\/\",\"url\":\"https:\/\/aplicacionestriangulo.es\/wp-content\/uploads\/sites\/11\/2023\/06\/marca_aplicaciones_triangulo.png\",\"contentUrl\":\"https:\/\/aplicacionestriangulo.es\/wp-content\/uploads\/sites\/11\/2023\/06\/marca_aplicaciones_triangulo.png\",\"width\":750,\"height\":240,\"caption\":\"Aplicaciones Tir\u00e1ngulo\"},\"image\":{\"@id\":\"https:\/\/aplicacionestriangulo.es\/#\/schema\/logo\/image\/\"}}]}<\/script>\n<!-- \/ Yoast SEO plugin. -->","yoast_head_json":{"title":"Servicios - Aplicaciones Tir\u00e1ngulo","description":"Aplicaciones Tri\u00e1ngulo: Servicios de impermeabilizaci\u00f3n de cubiertas y pavimentos continuos de resina epoxi para diversos usos.","robots":{"index":"index","follow":"follow","max-snippet":"max-snippet:-1","max-image-preview":"max-image-preview:large","max-video-preview":"max-video-preview:-1"},"canonical":"https:\/\/aplicacionestriangulo.es\/index.php\/servicios-impermeabilizacion-cubiertas-pavimentos\/","og_locale":"es_ES","og_type":"article","og_title":"Servicios - Aplicaciones Tir\u00e1ngulo","og_description":"Aplicaciones Tri\u00e1ngulo: Servicios de impermeabilizaci\u00f3n de cubiertas y pavimentos continuos de resina epoxi para diversos usos.","og_url":"https:\/\/aplicacionestriangulo.es\/index.php\/servicios-impermeabilizacion-cubiertas-pavimentos\/","og_site_name":"Aplicaciones Tir\u00e1ngulo","article_modified_time":"2023-06-14T11:05:49+00:00","og_image":[{"url":"https:\/\/aplicacionestriangulo.es\/wp-content\/uploads\/sites\/11\/2023\/06\/Hospital-Infanta-Leonor-1024x819.jpg"}],"twitter_card":"summary_large_image","twitter_misc":{"Tiempo de lectura":"1 minuto"},"schema":{"@context":"https:\/\/schema.org","@graph":[{"@type":"WebPage","@id":"https:\/\/aplicacionestriangulo.es\/index.php\/servicios-impermeabilizacion-cubiertas-pavimentos\/","url":"https:\/\/aplicacionestriangulo.es\/index.php\/servicios-impermeabilizacion-cubiertas-pavimentos\/","name":"Servicios - Aplicaciones Tir\u00e1ngulo","isPartOf":{"@id":"https:\/\/aplicacionestriangulo.es\/#website"},"datePublished":"2022-11-15T07:44:16+00:00","dateModified":"2023-06-14T11:05:49+00:00","description":"Aplicaciones Tri\u00e1ngulo: Servicios de impermeabilizaci\u00f3n de cubiertas y pavimentos continuos de resina epoxi para diversos usos.","breadcrumb":{"@id":"https:\/\/aplicacionestriangulo.es\/index.php\/servicios-impermeabilizacion-cubiertas-pavimentos\/#breadcrumb"},"inLanguage":"es","potentialAction":[{"@type":"ReadAction","target":["https:\/\/aplicacionestriangulo.es\/index.php\/servicios-impermeabilizacion-cubiertas-pavimentos\/"]}]},{"@type":"BreadcrumbList","@id":"https:\/\/aplicacionestriangulo.es\/index.php\/servicios-impermeabilizacion-cubiertas-pavimentos\/#breadcrumb","itemListElement":[{"@type":"ListItem","position":1,"name":"Portada","item":"https:\/\/aplicacionestriangulo.es\/"},{"@type":"ListItem","position":2,"name":"Servicios"}]},{"@type":"WebSite","@id":"https:\/\/aplicacionestriangulo.es\/#website","url":"https:\/\/aplicacionestriangulo.es\/","name":"Aplicaciones Tir\u00e1ngulo","description":"Refuerzos, pavimentos e impermeabilizaci\u00f3n","publisher":{"@id":"https:\/\/aplicacionestriangulo.es\/#organization"},"potentialAction":[{"@type":"SearchAction","target":{"@type":"EntryPoint","urlTemplate":"https:\/\/aplicacionestriangulo.es\/?s={search_term_string}"},"query-input":"required name=search_term_string"}],"inLanguage":"es"},{"@type":"Organization","@id":"https:\/\/aplicacionestriangulo.es\/#organization","name":"Aplicaciones Tir\u00e1ngulo","url":"https:\/\/aplicacionestriangulo.es\/","logo":{"@type":"ImageObject","inLanguage":"es","@id":"https:\/\/aplicacionestriangulo.es\/#\/schema\/logo\/image\/","url":"https:\/\/aplicacionestriangulo.es\/wp-content\/uploads\/sites\/11\/2023\/06\/marca_aplicaciones_triangulo.png","contentUrl":"https:\/\/aplicacionestriangulo.es\/wp-content\/uploads\/sites\/11\/2023\/06\/marca_aplicaciones_triangulo.png","width":750,"height":240,"caption":"Aplicaciones Tir\u00e1ngulo"},"image":{"@id":"https:\/\/aplicacionestriangulo.es\/#\/schema\/logo\/image\/"}}]}},"_links":{"self":[{"href":"https:\/\/aplicacionestriangulo.es\/index.php\/wp-json\/wp\/v2\/pages\/20"}],"collection":[{"href":"https:\/\/aplicacionestriangulo.es\/index.php\/wp-json\/wp\/v2\/pages"}],"about":[{"href":"https:\/\/aplicacionestriangulo.es\/index.php\/wp-json\/wp\/v2\/types\/page"}],"author":[{"embeddable":true,"href":"https:\/\/aplicacionestriangulo.es\/index.php\/wp-json\/wp\/v2\/users\/2"}],"replies":[{"embeddable":true,"href":"https:\/\/aplicacionestriangulo.es\/index.php\/wp-json\/wp\/v2\/comments?post=20"}],"version-history":[{"count":15,"href":"https:\/\/aplicacionestriangulo.es\/index.php\/wp-json\/wp\/v2\/pages\/20\/revisions"}],"predecessor-version":[{"id":801,"href":"https:\/\/aplicacionestriangulo.es\/index.php\/wp-json\/wp\/v2\/pages\/20\/revisions\/801"}],"wp:attachment":[{"href":"https:\/\/aplicacionestriangulo.es\/index.php\/wp-json\/wp\/v2\/media?parent=20"}],"curies":[{"name":"wp","href":"https:\/\/api.w.org\/{rel}","templated":true}]}}