	



	{"id":18,"date":"2022-11-15T08:43:50","date_gmt":"2022-11-15T07:43:50","guid":{"rendered":"https:\/\/kitbase.webs.fococonsultores.es\/?page_id=18"},"modified":"2023-06-08T16:51:13","modified_gmt":"2023-06-08T15:51:13","slug":"nosotros","status":"publish","type":"page","link":"https:\/\/aplicacionestriangulo.es\/index.php\/nosotros\/","title":{"rendered":"Nosotros"},"content":{"rendered":"\n<div style=\"height:4vh\" aria-hidden=\"true\" class=\"wp-block-spacer\"><\/div>\n\n\n<div class=\"yoast-breadcrumbs\"><span><span><a href=\"https:\/\/aplicacionestriangulo.es\/\">Portada<\/a> \u00bb <span class=\"breadcrumb_last\" aria-current=\"page\">Nosotros<\/span><\/span><\/span><\/div>\n\n\n<div class=\"wp-block-cover alignfull is-light\"><span aria-hidden=\"true\" class=\"wp-block-cover__background has-white-background-color has-background-dim-100 has-background-dim\"><\/span><div class=\"wp-block-cover__inner-container\">\n<div class=\"is-layout-constrained wp-block-group\"><div class=\"wp-block-group__inner-container\">\n<div class=\"is-layout-flex wp-container-5 wp-block-columns\">\n<div class=\"is-layout-flow wp-block-column is-vertically-aligned-top\" style=\"flex-basis:50%\"><div class=\"wp-block-image\">\n<figure class=\"alignleft size-full\"><img decoding=\"async\" loading=\"lazy\" width=\"960\" height=\"768\" src=\"https:\/\/aplicacionestriangulo.es\/wp-content\/uploads\/sites\/11\/2023\/05\/aplicaciones-triangulo-15.jpg\" alt=\"Aplicaciones tri\u00e1ngulo. 15 a\u00f1os. Nosotros\" class=\"wp-image-646\" srcset=\"https:\/\/aplicacionestriangulo.es\/wp-content\/uploads\/sites\/11\/2023\/05\/aplicaciones-triangulo-15.jpg 960w, https:\/\/aplicacionestriangulo.es\/wp-content\/uploads\/sites\/11\/2023\/05\/aplicaciones-triangulo-15-300x240.jpg 300w, https:\/\/aplicacionestriangulo.es\/wp-content\/uploads\/sites\/11\/2023\/05\/aplicaciones-triangulo-15-768x614.jpg 768w\" sizes=\"(max-width: 960px) 100vw, 960px\" \/><\/figure><\/div><\/div>\n\n\n\n<div class=\"is-layout-flow wp-block-column\" style=\"flex-basis:2%\"><\/div>\n\n\n\n<div class=\"is-layout-flow wp-block-column is-vertically-aligned-center\">\n<h1 class=\"has-large-font-size\">Nuestra empresa<\/h1>\n\n\n\n<h2><strong>Aplicaciones Tri\u00e1ngulo<\/strong><\/h2>\n\n\n\n<p>Somos una empresa de <strong>impermeabilizaci\u00f3n <\/strong>de <strong>cubiertas <\/strong>y <strong>pavimentos <\/strong>de resina epoxi, con una experiencia de casi 20 a\u00f1os en el sector. Contamos con personal altamente cualificado y con una gran experiencia en la ejecuci\u00f3n de estos trabajos as\u00ed como en la direcci\u00f3n de los mismos y la parte t\u00e9cnica. Estamos en constante formaci\u00f3n para ofrecer a nuestros clientes los \u00faltimos avances en la aplicaci\u00f3n de los procedimientos m\u00e1s adecuados para cada tipo de obra, as\u00ed como en el uso de las herramientas m\u00e1s avanzadas para lograr la m\u00e1s alta calidad en nuestros trabajos.<\/p>\n\n\n\n<p>Desde nuestros inicios hasta hoy d\u00eda hemos realizado multitud de proyectos para las principales constructoras del pa\u00eds, principalmente en obra nueva, pero tambi\u00e9n en rehabilitaciones de edificios singulares y otras edificaciones. Tambi\u00e9n trabajamos con comunidades de propietarios y peque\u00f1as empresas colaborando siempre para ofrecer la mejor soluci\u00f3n para cada caso.<\/p>\n<\/div>\n\n\n\n<div class=\"is-layout-flow wp-block-column\" style=\"flex-basis:2%\"><\/div>\n<\/div>\n<\/div><\/div>\n<\/div><\/div>\n","protected":false},"excerpt":{"rendered":"","protected":false},"author":2,"featured_media":0,"parent":0,"menu_order":0,"comment_status":"closed","ping_status":"closed","template":"","meta":{"_mi_skip_tracking":false},"yoast_head":"<!-- This site is optimized with the Yoast SEO plugin v19.10 - https:\/\/yoast.com\/wordpress\/plugins\/seo\/ -->\n<title>Nosotros - Aplicaciones Tir\u00e1ngulo<\/title>\n<meta name=\"description\" content=\"Aplicaciones Tri\u00e1ngulo: Empresa de impermeabilizaci\u00f3n y pavimentos epoxi con 20 a\u00f1os de experiencia, calidad y soluciones personalizadas.\" \/>\n<meta name=\"robots\" content=\"index, follow, max-snippet:-1, max-image-preview:large, max-video-preview:-1\" \/>\n<link rel=\"canonical\" href=\"https:\/\/aplicacionestriangulo.es\/index.php\/nosotros\/\" \/>\n<meta property=\"og:locale\" content=\"es_ES\" \/>\n<meta property=\"og:type\" content=\"article\" \/>\n<meta property=\"og:title\" content=\"Nosotros - Aplicaciones Tir\u00e1ngulo\" \/>\n<meta property=\"og:description\" content=\"Aplicaciones Tri\u00e1ngulo: Empresa de impermeabilizaci\u00f3n y pavimentos epoxi con 20 a\u00f1os de experiencia, calidad y soluciones personalizadas.\" \/>\n<meta property=\"og:url\" content=\"https:\/\/aplicacionestriangulo.es\/index.php\/nosotros\/\" \/>\n<meta property=\"og:site_name\" content=\"Aplicaciones Tir\u00e1ngulo\" \/>\n<meta property=\"article:modified_time\" content=\"2023-06-08T15:51:13+00:00\" \/>\n<meta property=\"og:image\" content=\"https:\/\/aplicacionestriangulo.es\/wp-content\/uploads\/sites\/11\/2023\/05\/aplicaciones-triangulo-15.jpg\" \/>\n<meta name=\"twitter:card\" content=\"summary_large_image\" \/>\n<meta name=\"twitter:label1\" content=\"Tiempo de lectura\" \/>\n\t<meta name=\"twitter:data1\" content=\"1 minuto\" \/>\n<script type=\"application\/ld+json\" class=\"yoast-schema-graph\">{\"@context\":\"https:\/\/schema.org\",\"@graph\":[{\"@type\":\"WebPage\",\"@id\":\"https:\/\/aplicacionestriangulo.es\/index.php\/nosotros\/\",\"url\":\"https:\/\/aplicacionestriangulo.es\/index.php\/nosotros\/\",\"name\":\"Nosotros - Aplicaciones Tir\u00e1ngulo\",\"isPartOf\":{\"@id\":\"https:\/\/aplicacionestriangulo.es\/#website\"},\"datePublished\":\"2022-11-15T07:43:50+00:00\",\"dateModified\":\"2023-06-08T15:51:13+00:00\",\"description\":\"Aplicaciones Tri\u00e1ngulo: Empresa de impermeabilizaci\u00f3n y pavimentos epoxi con 20 a\u00f1os de experiencia, calidad y soluciones personalizadas.\",\"breadcrumb\":{\"@id\":\"https:\/\/aplicacionestriangulo.es\/index.php\/nosotros\/#breadcrumb\"},\"inLanguage\":\"es\",\"potentialAction\":[{\"@type\":\"ReadAction\",\"target\":[\"https:\/\/aplicacionestriangulo.es\/index.php\/nosotros\/\"]}]},{\"@type\":\"BreadcrumbList\",\"@id\":\"https:\/\/aplicacionestriangulo.es\/index.php\/nosotros\/#breadcrumb\",\"itemListElement\":[{\"@type\":\"ListItem\",\"position\":1,\"name\":\"Portada\",\"item\":\"https:\/\/aplicacionestriangulo.es\/\"},{\"@type\":\"ListItem\",\"position\":2,\"name\":\"Nosotros\"}]},{\"@type\":\"WebSite\",\"@id\":\"https:\/\/aplicacionestriangulo.es\/#website\",\"url\":\"https:\/\/aplicacionestriangulo.es\/\",\"name\":\"Aplicaciones Tir\u00e1ngulo\",\"description\":\"Refuerzos, pavimentos e impermeabilizaci\u00f3n\",\"publisher\":{\"@id\":\"https:\/\/aplicacionestriangulo.es\/#organization\"},\"potentialAction\":[{\"@type\":\"SearchAction\",\"target\":{\"@type\":\"EntryPoint\",\"urlTemplate\":\"https:\/\/aplicacionestriangulo.es\/?s={search_term_string}\"},\"query-input\":\"required name=search_term_string\"}],\"inLanguage\":\"es\"},{\"@type\":\"Organization\",\"@id\":\"https:\/\/aplicacionestriangulo.es\/#organization\",\"name\":\"Aplicaciones Tir\u00e1ngulo\",\"url\":\"https:\/\/aplicacionestriangulo.es\/\",\"logo\":{\"@type\":\"ImageObject\",\"inLanguage\":\"es\",\"@id\":\"https:\/\/aplicacionestriangulo.es\/#\/schema\/logo\/image\/\",\"url\":\"https:\/\/aplicacionestriangulo.es\/wp-content\/uploads\/sites\/11\/2023\/06\/marca_aplicaciones_triangulo.png\",\"contentUrl\":\"https:\/\/aplicacionestriangulo.es\/wp-content\/uploads\/sites\/11\/2023\/06\/marca_aplicaciones_triangulo.png\",\"width\":750,\"height\":240,\"caption\":\"Aplicaciones Tir\u00e1ngulo\"},\"image\":{\"@id\":\"https:\/\/aplicacionestriangulo.es\/#\/schema\/logo\/image\/\"}}]}<\/script>\n<!-- \/ Yoast SEO plugin. -->","yoast_head_json":{"title":"Nosotros - Aplicaciones Tir\u00e1ngulo","description":"Aplicaciones Tri\u00e1ngulo: Empresa de impermeabilizaci\u00f3n y pavimentos epoxi con 20 a\u00f1os de experiencia, calidad y soluciones personalizadas.","robots":{"index":"index","follow":"follow","max-snippet":"max-snippet:-1","max-image-preview":"max-image-preview:large","max-video-preview":"max-video-preview:-1"},"canonical":"https:\/\/aplicacionestriangulo.es\/index.php\/nosotros\/","og_locale":"es_ES","og_type":"article","og_title":"Nosotros - Aplicaciones Tir\u00e1ngulo","og_description":"Aplicaciones Tri\u00e1ngulo: Empresa de impermeabilizaci\u00f3n y pavimentos epoxi con 20 a\u00f1os de experiencia, calidad y soluciones personalizadas.","og_url":"https:\/\/aplicacionestriangulo.es\/index.php\/nosotros\/","og_site_name":"Aplicaciones Tir\u00e1ngulo","article_modified_time":"2023-06-08T15:51:13+00:00","og_image":[{"url":"https:\/\/aplicacionestriangulo.es\/wp-content\/uploads\/sites\/11\/2023\/05\/aplicaciones-triangulo-15.jpg"}],"twitter_card":"summary_large_image","twitter_misc":{"Tiempo de lectura":"1 minuto"},"schema":{"@context":"https:\/\/schema.org","@graph":[{"@type":"WebPage","@id":"https:\/\/aplicacionestriangulo.es\/index.php\/nosotros\/","url":"https:\/\/aplicacionestriangulo.es\/index.php\/nosotros\/","name":"Nosotros - Aplicaciones Tir\u00e1ngulo","isPartOf":{"@id":"https:\/\/aplicacionestriangulo.es\/#website"},"datePublished":"2022-11-15T07:43:50+00:00","dateModified":"2023-06-08T15:51:13+00:00","description":"Aplicaciones Tri\u00e1ngulo: Empresa de impermeabilizaci\u00f3n y pavimentos epoxi con 20 a\u00f1os de experiencia, calidad y soluciones personalizadas.","breadcrumb":{"@id":"https:\/\/aplicacionestriangulo.es\/index.php\/nosotros\/#breadcrumb"},"inLanguage":"es","potentialAction":[{"@type":"ReadAction","target":["https:\/\/aplicacionestriangulo.es\/index.php\/nosotros\/"]}]},{"@type":"BreadcrumbList","@id":"https:\/\/aplicacionestriangulo.es\/index.php\/nosotros\/#breadcrumb","itemListElement":[{"@type":"ListItem","position":1,"name":"Portada","item":"https:\/\/aplicacionestriangulo.es\/"},{"@type":"ListItem","position":2,"name":"Nosotros"}]},{"@type":"WebSite","@id":"https:\/\/aplicacionestriangulo.es\/#website","url":"https:\/\/aplicacionestriangulo.es\/","name":"Aplicaciones Tir\u00e1ngulo","description":"Refuerzos, pavimentos e impermeabilizaci\u00f3n","publisher":{"@id":"https:\/\/aplicacionestriangulo.es\/#organization"},"potentialAction":[{"@type":"SearchAction","target":{"@type":"EntryPoint","urlTemplate":"https:\/\/aplicacionestriangulo.es\/?s={search_term_string}"},"query-input":"required name=search_term_string"}],"inLanguage":"es"},{"@type":"Organization","@id":"https:\/\/aplicacionestriangulo.es\/#organization","name":"Aplicaciones Tir\u00e1ngulo","url":"https:\/\/aplicacionestriangulo.es\/","logo":{"@type":"ImageObject","inLanguage":"es","@id":"https:\/\/aplicacionestriangulo.es\/#\/schema\/logo\/image\/","url":"https:\/\/aplicacionestriangulo.es\/wp-content\/uploads\/sites\/11\/2023\/06\/marca_aplicaciones_triangulo.png","contentUrl":"https:\/\/aplicacionestriangulo.es\/wp-content\/uploads\/sites\/11\/2023\/06\/marca_aplicaciones_triangulo.png","width":750,"height":240,"caption":"Aplicaciones Tir\u00e1ngulo"},"image":{"@id":"https:\/\/aplicacionestriangulo.es\/#\/schema\/logo\/image\/"}}]}},"_links":{"self":[{"href":"https:\/\/aplicacionestriangulo.es\/index.php\/wp-json\/wp\/v2\/pages\/18"}],"collection":[{"href":"https:\/\/aplicacionestriangulo.es\/index.php\/wp-json\/wp\/v2\/pages"}],"about":[{"href":"https:\/\/aplicacionestriangulo.es\/index.php\/wp-json\/wp\/v2\/types\/page"}],"author":[{"embeddable":true,"href":"https:\/\/aplicacionestriangulo.es\/index.php\/wp-json\/wp\/v2\/users\/2"}],"replies":[{"embeddable":true,"href":"https:\/\/aplicacionestriangulo.es\/index.php\/wp-json\/wp\/v2\/comments?post=18"}],"version-history":[{"count":23,"href":"https:\/\/aplicacionestriangulo.es\/index.php\/wp-json\/wp\/v2\/pages\/18\/revisions"}],"predecessor-version":[{"id":785,"href":"https:\/\/aplicacionestriangulo.es\/index.php\/wp-json\/wp\/v2\/pages\/18\/revisions\/785"}],"wp:attachment":[{"href":"https:\/\/aplicacionestriangulo.es\/index.php\/wp-json\/wp\/v2\/media?parent=18"}],"curies":[{"name":"wp","href":"https:\/\/api.w.org\/{rel}","templated":true}]}}